{"id":1038,"date":"2024-02-07T15:20:30","date_gmt":"2024-02-07T20:20:30","guid":{"rendered":"https:\/\/urbanindigedev.wpengine.com\/?page_id=1038"},"modified":"2024-05-02T13:47:28","modified_gmt":"2024-05-02T17:47:28","slug":"faire-un-don","status":"publish","type":"page","link":"https:\/\/urbanindigenousactiongroup.ca\/fr\/faire-un-don","title":{"rendered":"Faire un don"},"content":{"rendered":"<p><div class=\"fusion-fullwidth fullwidth-box fusion-builder-row-1 fusion-flex-container has-pattern-background has-mask-background fusion-parallax-none nonhundred-percent-fullwidth non-hundred-percent-height-scrolling lazyload\" style=\"--awb-border-radius-top-left:0px;--awb-border-radius-top-right:0px;--awb-border-radius-bottom-right:0px;--awb-border-radius-bottom-left:0px;--awb-padding-top:240px;--awb-padding-bottom:60px;--awb-padding-top-medium:100px;--awb-padding-bottom-medium:100px;--awb-padding-top-small:60px;--awb-padding-bottom-small:60px;--awb-background-size:cover;--awb-flex-wrap:wrap;\" data-bg=\"https:\/\/urbanindigenousactiongroup.ca\/wp-content\/uploads\/2024\/01\/Mask-Group-16.svg\" ><div class=\"fusion-builder-row fusion-row fusion-flex-align-items-flex-start fusion-flex-content-wrap\" style=\"max-width:1331.2px;margin-left: calc(-4% \/ 2 );margin-right: calc(-4% \/ 2 );\"><div class=\"fusion-layout-column fusion_builder_column fusion-builder-column-0 fusion_builder_column_4_5 4_5 fusion-flex-column\" style=\"--awb-bg-position:center center;--awb-bg-blend:screen;--awb-bg-size:contain;--awb-width-large:80%;--awb-margin-top-large:0px;--awb-spacing-right-large:2.4%;--awb-margin-bottom-large:0px;--awb-spacing-left-large:2.4%;--awb-width-medium:100%;--awb-order-medium:0;--awb-spacing-right-medium:1.92%;--awb-spacing-left-medium:1.92%;--awb-width-small:100%;--awb-order-small:0;--awb-spacing-right-small:1.92%;--awb-spacing-left-small:1.92%;\"><div class=\"fusion-column-wrapper fusion-column-has-shadow fusion-flex-justify-content-flex-start fusion-content-layout-column\"><div class=\"fusion-title title fusion-title-1 fusion-sep-none fusion-title-text fusion-title-size-one\"><h1 class=\"fusion-title-heading title-heading-left fusion-responsive-typography-calculated\" style=\"margin:0;--fontSize:48;line-height:1.4;\">Faire un don<\/h1><\/div><div class=\"fusion-text fusion-text-1 large-p\"><p>Aidez-nous \u00e0 faire une diff\u00e9rence en faisant un don aujourd&rsquo;hui ! Ce faisant, vous aiderez les organisations *autochtones urbaines de chaque province et territoire du Canada \u00e0 soutenir *les femmes, les filles et les personnes 2ELGBTQQIA+ autochtones confront\u00e9es \u00e0 la violence et \u00e0 la discrimination \u00e0 reprendre leur pouvoir et leur place.<\/p>\n<\/div><\/div><\/div><\/div><\/div><div class=\"fusion-fullwidth fullwidth-box fusion-builder-row-2 fusion-flex-container has-pattern-background has-mask-background nonhundred-percent-fullwidth non-hundred-percent-height-scrolling\" style=\"--awb-background-position:right bottom;--awb-border-radius-top-left:0px;--awb-border-radius-top-right:0px;--awb-border-radius-bottom-right:0px;--awb-border-radius-bottom-left:0px;--awb-padding-top:30px;--awb-padding-bottom:100px;--awb-background-color:var(--awb-color3);--awb-background-size:50vh;--awb-flex-wrap:wrap;\" ><div class=\"fusion-builder-row fusion-row fusion-flex-align-items-center fusion-flex-justify-content-space-around fusion-flex-content-wrap\" style=\"max-width:1331.2px;margin-left: calc(-4% \/ 2 );margin-right: calc(-4% \/ 2 );\"><div class=\"fusion-layout-column fusion_builder_column fusion-builder-column-1 fusion_builder_column_2_3 2_3 fusion-flex-column\" style=\"--awb-padding-top:20px;--awb-padding-right:20px;--awb-padding-bottom:20px;--awb-padding-left:20px;--awb-overflow:hidden;--awb-bg-color:var(--awb-custom12);--awb-bg-color-hover:var(--awb-custom12);--awb-bg-size:cover;--awb-border-radius:30px 30px 30px 30px;--awb-width-large:66.666666666667%;--awb-margin-top-large:0px;--awb-spacing-right-large:2.88%;--awb-margin-bottom-large:0px;--awb-spacing-left-large:2.88%;--awb-width-medium:100%;--awb-order-medium:0;--awb-spacing-right-medium:1.92%;--awb-spacing-left-medium:1.92%;--awb-width-small:100%;--awb-order-small:0;--awb-spacing-right-small:1.92%;--awb-spacing-left-small:1.92%;\"><div class=\"fusion-column-wrapper fusion-column-has-shadow fusion-flex-justify-content-center fusion-content-layout-column\"><div class=\"fusion-text fusion-text-2\"><p>Pour effectuer votre don d\u00e9ductible d&rsquo;imp\u00f4t d\u00e8s maintenant, veuillez remplir le formulaire ci-dessous. <strong>Assurez-vous de noter que le don est destin\u00e9 au Groupe d&rsquo;action autochtone urbain FFADA-2ELGBTQQIA+<\/strong>. Une facture \u00e9lectronique pour fin d&rsquo;imp\u00f4t vous sera envoy\u00e9 par courriel pour les dons de 20 $ ou plus.<\/p>\n<\/div><\/div><\/div><div class=\"fusion-layout-column fusion_builder_column fusion-builder-column-2 fusion_builder_column_1_3 1_3 fusion-flex-column\" style=\"--awb-bg-size:cover;--awb-width-large:33.333333333333%;--awb-margin-top-large:0px;--awb-spacing-right-large:5.76%;--awb-margin-bottom-large:0px;--awb-spacing-left-large:5.76%;--awb-width-medium:100%;--awb-order-medium:0;--awb-margin-top-medium:60px;--awb-spacing-right-medium:1.92%;--awb-spacing-left-medium:1.92%;--awb-width-small:100%;--awb-order-small:0;--awb-spacing-right-small:1.92%;--awb-spacing-left-small:1.92%;\" data-scroll-devices=\"small-visibility,medium-visibility,large-visibility\"><div class=\"fusion-column-wrapper fusion-column-has-shadow fusion-flex-justify-content-center fusion-content-layout-row\"><div ><a class=\"fusion-button button-flat fusion-button-default-size button-default fusion-button-default button-1 fusion-button-default-span fusion-button-default-type\" target=\"_blank\" rel=\"noopener noreferrer\" href=\"https:\/\/www.canadahelps.org\/en\/dn\/27291\"><span class=\"fusion-button-text\">Faire un don UIAG<\/span><i class=\"fa-external-link-alt fas button-icon-right\" aria-hidden=\"true\"><\/i><\/a><\/div><\/div><\/div><\/div><\/div><\/p>\n","protected":false},"excerpt":{"rendered":"","protected":false},"author":2,"featured_media":0,"parent":0,"menu_order":0,"comment_status":"closed","ping_status":"closed","template":"100-width.php","meta":{"_acf_changed":false,"_exactmetrics_skip_tracking":false,"_exactmetrics_sitenote_active":false,"_exactmetrics_sitenote_note":"","_exactmetrics_sitenote_category":0,"footnotes":""},"class_list":["post-1038","page","type-page","status-publish","hentry"],"acf":[],"yoast_head":"<!-- This site is optimized with the Yoast SEO plugin v27.5 - https:\/\/yoast.com\/product\/yoast-seo-wordpress\/ -->\n<title>Faire un don - Urban Indigenous Action Group<\/title>\n<meta name=\"description\" content=\"Aidez-nous \u00e0 faire une diff\u00e9rence en faisant un don aujourd&#039;hui ! Ce faisant, vous aiderez les organisations *autochtones urbaines de chaque province et territoire du Canada \u00e0 soutenir *les femmes, les filles et les personnes 2ELGBTQQIA+ autochtones confront\u00e9es \u00e0 la violence et \u00e0 la discrimination \u00e0 reprendre leur pouvoir et leur place.\" \/>\n<meta name=\"robots\" content=\"index, follow, max-snippet:-1, max-image-preview:large, max-video-preview:-1\" \/>\n<link rel=\"canonical\" href=\"https:\/\/urbanindigenousactiongroup.ca\/fr\/faire-un-don\" \/>\n<meta property=\"og:locale\" content=\"fr_FR\" \/>\n<meta property=\"og:type\" content=\"article\" \/>\n<meta property=\"og:title\" content=\"Faire un don - Urban Indigenous Action Group\" \/>\n<meta property=\"og:description\" content=\"Aidez-nous \u00e0 faire une diff\u00e9rence en faisant un don aujourd&#039;hui ! Ce faisant, vous aiderez les organisations *autochtones urbaines de chaque province et territoire du Canada \u00e0 soutenir *les femmes, les filles et les personnes 2ELGBTQQIA+ autochtones confront\u00e9es \u00e0 la violence et \u00e0 la discrimination \u00e0 reprendre leur pouvoir et leur place.\" \/>\n<meta property=\"og:url\" content=\"https:\/\/urbanindigenousactiongroup.ca\/fr\/faire-un-don\" \/>\n<meta property=\"og:site_name\" content=\"Urban Indigenous Action Group\" \/>\n<meta property=\"article:publisher\" content=\"https:\/\/www.facebook.com\/MMIWG2S.UrbanIndigenousActionGroup\" \/>\n<meta property=\"article:modified_time\" content=\"2024-05-02T17:47:28+00:00\" \/>\n<meta name=\"twitter:card\" content=\"summary_large_image\" \/>\n<meta name=\"twitter:label1\" content=\"Dur\u00e9e de lecture estim\u00e9e\" \/>\n\t<meta name=\"twitter:data1\" content=\"1 minute\" \/>\n<script type=\"application\/ld+json\" class=\"yoast-schema-graph\">{\"@context\":\"https:\\\/\\\/schema.org\",\"@graph\":[{\"@type\":\"WebPage\",\"@id\":\"https:\\\/\\\/urbanindigenousactiongroup.ca\\\/fr\\\/faire-un-don\",\"url\":\"https:\\\/\\\/urbanindigenousactiongroup.ca\\\/fr\\\/faire-un-don\",\"name\":\"Faire un don - Urban Indigenous Action Group\",\"isPartOf\":{\"@id\":\"https:\\\/\\\/urbanindigenousactiongroup.ca\\\/fr#website\"},\"datePublished\":\"2024-02-07T20:20:30+00:00\",\"dateModified\":\"2024-05-02T17:47:28+00:00\",\"description\":\"Aidez-nous \u00e0 faire une diff\u00e9rence en faisant un don aujourd'hui ! Ce faisant, vous aiderez les organisations *autochtones urbaines de chaque province et territoire du Canada \u00e0 soutenir *les femmes, les filles et les personnes 2ELGBTQQIA+ autochtones confront\u00e9es \u00e0 la violence et \u00e0 la discrimination \u00e0 reprendre leur pouvoir et leur place.\",\"breadcrumb\":{\"@id\":\"https:\\\/\\\/urbanindigenousactiongroup.ca\\\/fr\\\/faire-un-don#breadcrumb\"},\"inLanguage\":\"fr-FR\",\"potentialAction\":[{\"@type\":\"ReadAction\",\"target\":[\"https:\\\/\\\/urbanindigenousactiongroup.ca\\\/fr\\\/faire-un-don\"]}]},{\"@type\":\"BreadcrumbList\",\"@id\":\"https:\\\/\\\/urbanindigenousactiongroup.ca\\\/fr\\\/faire-un-don#breadcrumb\",\"itemListElement\":[{\"@type\":\"ListItem\",\"position\":1,\"name\":\"Home\",\"item\":\"https:\\\/\\\/urbanindigenousactiongroup.ca\\\/fr\"},{\"@type\":\"ListItem\",\"position\":2,\"name\":\"Faire un don\"}]},{\"@type\":\"WebSite\",\"@id\":\"https:\\\/\\\/urbanindigenousactiongroup.ca\\\/fr#website\",\"url\":\"https:\\\/\\\/urbanindigenousactiongroup.ca\\\/fr\",\"name\":\"Urban Indigenous Action Group\",\"description\":\"Tagline\",\"publisher\":{\"@id\":\"https:\\\/\\\/urbanindigenousactiongroup.ca\\\/fr#organization\"},\"potentialAction\":[{\"@type\":\"SearchAction\",\"target\":{\"@type\":\"EntryPoint\",\"urlTemplate\":\"https:\\\/\\\/urbanindigenousactiongroup.ca\\\/fr?s={search_term_string}\"},\"query-input\":{\"@type\":\"PropertyValueSpecification\",\"valueRequired\":true,\"valueName\":\"search_term_string\"}}],\"inLanguage\":\"fr-FR\"},{\"@type\":\"Organization\",\"@id\":\"https:\\\/\\\/urbanindigenousactiongroup.ca\\\/fr#organization\",\"name\":\"Urban Indigenous Action Group\",\"url\":\"https:\\\/\\\/urbanindigenousactiongroup.ca\\\/fr\",\"logo\":{\"@type\":\"ImageObject\",\"inLanguage\":\"fr-FR\",\"@id\":\"https:\\\/\\\/urbanindigenousactiongroup.ca\\\/fr#\\\/schema\\\/logo\\\/image\\\/\",\"url\":\"https:\\\/\\\/urbanindigenousactiongroup.ca\\\/wp-content\\\/uploads\\\/2024\\\/01\\\/Home-logo-1.svg\",\"contentUrl\":\"https:\\\/\\\/urbanindigenousactiongroup.ca\\\/wp-content\\\/uploads\\\/2024\\\/01\\\/Home-logo-1.svg\",\"width\":390,\"height\":180,\"caption\":\"Urban Indigenous Action Group\"},\"image\":{\"@id\":\"https:\\\/\\\/urbanindigenousactiongroup.ca\\\/fr#\\\/schema\\\/logo\\\/image\\\/\"},\"sameAs\":[\"https:\\\/\\\/www.facebook.com\\\/MMIWG2S.UrbanIndigenousActionGroup\"]}]}<\/script>\n<!-- \/ Yoast SEO plugin. -->","yoast_head_json":{"title":"Faire un don - Urban Indigenous Action Group","description":"Aidez-nous \u00e0 faire une diff\u00e9rence en faisant un don aujourd'hui ! Ce faisant, vous aiderez les organisations *autochtones urbaines de chaque province et territoire du Canada \u00e0 soutenir *les femmes, les filles et les personnes 2ELGBTQQIA+ autochtones confront\u00e9es \u00e0 la violence et \u00e0 la discrimination \u00e0 reprendre leur pouvoir et leur place.","robots":{"index":"index","follow":"follow","max-snippet":"max-snippet:-1","max-image-preview":"max-image-preview:large","max-video-preview":"max-video-preview:-1"},"canonical":"https:\/\/urbanindigenousactiongroup.ca\/fr\/faire-un-don","og_locale":"fr_FR","og_type":"article","og_title":"Faire un don - Urban Indigenous Action Group","og_description":"Aidez-nous \u00e0 faire une diff\u00e9rence en faisant un don aujourd'hui ! Ce faisant, vous aiderez les organisations *autochtones urbaines de chaque province et territoire du Canada \u00e0 soutenir *les femmes, les filles et les personnes 2ELGBTQQIA+ autochtones confront\u00e9es \u00e0 la violence et \u00e0 la discrimination \u00e0 reprendre leur pouvoir et leur place.","og_url":"https:\/\/urbanindigenousactiongroup.ca\/fr\/faire-un-don","og_site_name":"Urban Indigenous Action Group","article_publisher":"https:\/\/www.facebook.com\/MMIWG2S.UrbanIndigenousActionGroup","article_modified_time":"2024-05-02T17:47:28+00:00","twitter_card":"summary_large_image","twitter_misc":{"Dur\u00e9e de lecture estim\u00e9e":"1 minute"},"schema":{"@context":"https:\/\/schema.org","@graph":[{"@type":"WebPage","@id":"https:\/\/urbanindigenousactiongroup.ca\/fr\/faire-un-don","url":"https:\/\/urbanindigenousactiongroup.ca\/fr\/faire-un-don","name":"Faire un don - Urban Indigenous Action Group","isPartOf":{"@id":"https:\/\/urbanindigenousactiongroup.ca\/fr#website"},"datePublished":"2024-02-07T20:20:30+00:00","dateModified":"2024-05-02T17:47:28+00:00","description":"Aidez-nous \u00e0 faire une diff\u00e9rence en faisant un don aujourd'hui ! Ce faisant, vous aiderez les organisations *autochtones urbaines de chaque province et territoire du Canada \u00e0 soutenir *les femmes, les filles et les personnes 2ELGBTQQIA+ autochtones confront\u00e9es \u00e0 la violence et \u00e0 la discrimination \u00e0 reprendre leur pouvoir et leur place.","breadcrumb":{"@id":"https:\/\/urbanindigenousactiongroup.ca\/fr\/faire-un-don#breadcrumb"},"inLanguage":"fr-FR","potentialAction":[{"@type":"ReadAction","target":["https:\/\/urbanindigenousactiongroup.ca\/fr\/faire-un-don"]}]},{"@type":"BreadcrumbList","@id":"https:\/\/urbanindigenousactiongroup.ca\/fr\/faire-un-don#breadcrumb","itemListElement":[{"@type":"ListItem","position":1,"name":"Home","item":"https:\/\/urbanindigenousactiongroup.ca\/fr"},{"@type":"ListItem","position":2,"name":"Faire un don"}]},{"@type":"WebSite","@id":"https:\/\/urbanindigenousactiongroup.ca\/fr#website","url":"https:\/\/urbanindigenousactiongroup.ca\/fr","name":"Urban Indigenous Action Group","description":"Tagline","publisher":{"@id":"https:\/\/urbanindigenousactiongroup.ca\/fr#organization"},"potentialAction":[{"@type":"SearchAction","target":{"@type":"EntryPoint","urlTemplate":"https:\/\/urbanindigenousactiongroup.ca\/fr?s={search_term_string}"},"query-input":{"@type":"PropertyValueSpecification","valueRequired":true,"valueName":"search_term_string"}}],"inLanguage":"fr-FR"},{"@type":"Organization","@id":"https:\/\/urbanindigenousactiongroup.ca\/fr#organization","name":"Urban Indigenous Action Group","url":"https:\/\/urbanindigenousactiongroup.ca\/fr","logo":{"@type":"ImageObject","inLanguage":"fr-FR","@id":"https:\/\/urbanindigenousactiongroup.ca\/fr#\/schema\/logo\/image\/","url":"https:\/\/urbanindigenousactiongroup.ca\/wp-content\/uploads\/2024\/01\/Home-logo-1.svg","contentUrl":"https:\/\/urbanindigenousactiongroup.ca\/wp-content\/uploads\/2024\/01\/Home-logo-1.svg","width":390,"height":180,"caption":"Urban Indigenous Action Group"},"image":{"@id":"https:\/\/urbanindigenousactiongroup.ca\/fr#\/schema\/logo\/image\/"},"sameAs":["https:\/\/www.facebook.com\/MMIWG2S.UrbanIndigenousActionGroup"]}]}},"_links":{"self":[{"href":"https:\/\/urbanindigenousactiongroup.ca\/fr\/wp-json\/wp\/v2\/pages\/1038","targetHints":{"allow":["GET"]}}],"collection":[{"href":"https:\/\/urbanindigenousactiongroup.ca\/fr\/wp-json\/wp\/v2\/pages"}],"about":[{"href":"https:\/\/urbanindigenousactiongroup.ca\/fr\/wp-json\/wp\/v2\/types\/page"}],"author":[{"embeddable":true,"href":"https:\/\/urbanindigenousactiongroup.ca\/fr\/wp-json\/wp\/v2\/users\/2"}],"replies":[{"embeddable":true,"href":"https:\/\/urbanindigenousactiongroup.ca\/fr\/wp-json\/wp\/v2\/comments?post=1038"}],"version-history":[{"count":0,"href":"https:\/\/urbanindigenousactiongroup.ca\/fr\/wp-json\/wp\/v2\/pages\/1038\/revisions"}],"wp:attachment":[{"href":"https:\/\/urbanindigenousactiongroup.ca\/fr\/wp-json\/wp\/v2\/media?parent=1038"}],"curies":[{"name":"wp","href":"https:\/\/api.w.org\/{rel}","templated":true}]}}